{"id":524,"date":"2018-12-16T22:15:29","date_gmt":"2018-12-16T21:15:29","guid":{"rendered":"http:\/\/rjp8.katowice.eu\/?page_id=524"},"modified":"2020-02-24T22:13:18","modified_gmt":"2020-02-24T21:13:18","slug":"napisz","status":"publish","type":"page","link":"http:\/\/radadzielnicy.witosa.pl\/?page_id=524","title":{"rendered":"Napisz do nas"},"content":{"rendered":"<div class=\"fcbkbttn_buttons_block\" id=\"fcbkbttn_left\"><div class=\"fcbkbttn_like \"><fb:like href=\"http:\/\/radadzielnicy.witosa.pl\/?page_id=524\" action=\"like\" colorscheme=\"light\" layout=\"standard\"  width=\"225px\" size=\"small\"><\/fb:like><\/div><div class=\"fb-share-button  \" data-href=\"http:\/\/radadzielnicy.witosa.pl\/?page_id=524\" data-type=\"button_count\" data-size=\"small\"><\/div><\/div>\n<p>W \u0142atwy i szybki spos\u00f3b mo\u017cesz zg\u0142osi\u0107&nbsp; problem korzystaj\u0105c z poni\u017cszego formularza. <br><\/p>\n\n\n\n<p>Wysy\u0142anie informacji przez formularz  niedost\u0119pne w chwili obecnej<\/p>\n ","protected":false},"excerpt":{"rendered":"<p>W \u0142atwy i szybki spos\u00f3b mo\u017cesz zg\u0142osi\u0107&nbsp; problem korzystaj\u0105c z poni\u017cszego formularza. Wysy\u0142anie informacji przez formularz niedost\u0119pne w chwili obecnej<\/p>\n","protected":false},"author":1,"featured_media":0,"parent":0,"menu_order":0,"comment_status":"closed","ping_status":"closed","template":"","meta":{"ngg_post_thumbnail":0,"footnotes":""},"class_list":["post-524","page","type-page","status-publish"],"_links":{"self":[{"href":"http:\/\/radadzielnicy.witosa.pl\/index.php?rest_route=\/wp\/v2\/pages\/524","targetHints":{"allow":["GET"]}}],"collection":[{"href":"http:\/\/radadzielnicy.witosa.pl\/index.php?rest_route=\/wp\/v2\/pages"}],"about":[{"href":"http:\/\/radadzielnicy.witosa.pl\/index.php?rest_route=\/wp\/v2\/types\/page"}],"author":[{"embeddable":true,"href":"http:\/\/radadzielnicy.witosa.pl\/index.php?rest_route=\/wp\/v2\/users\/1"}],"replies":[{"embeddable":true,"href":"http:\/\/radadzielnicy.witosa.pl\/index.php?rest_route=%2Fwp%2Fv2%2Fcomments&post=524"}],"version-history":[{"count":7,"href":"http:\/\/radadzielnicy.witosa.pl\/index.php?rest_route=\/wp\/v2\/pages\/524\/revisions"}],"predecessor-version":[{"id":1274,"href":"http:\/\/radadzielnicy.witosa.pl\/index.php?rest_route=\/wp\/v2\/pages\/524\/revisions\/1274"}],"wp:attachment":[{"href":"http:\/\/radadzielnicy.witosa.pl\/index.php?rest_route=%2Fwp%2Fv2%2Fmedia&parent=524"}],"curies":[{"name":"wp","href":"https:\/\/api.w.org\/{rel}","templated":true}]}}