{"id":604,"date":"2019-02-12T21:37:56","date_gmt":"2019-02-12T20:37:56","guid":{"rendered":"http:\/\/rjp8.katowice.eu\/?page_id=604"},"modified":"2024-09-20T08:14:12","modified_gmt":"2024-09-20T06:14:12","slug":"transmisje-obrad","status":"publish","type":"page","link":"https:\/\/radadzielnicy.witosa.pl\/?page_id=604","title":{"rendered":"Transmisje Obrad"},"content":{"rendered":"<div class=\"fcbkbttn_buttons_block\" id=\"fcbkbttn_left\"><div class=\"fcbkbttn_like \"><fb:like href=\"https:\/\/radadzielnicy.witosa.pl\/?page_id=604\" action=\"like\" colorscheme=\"light\" layout=\"standard\"  width=\"225px\" size=\"small\"><\/fb:like><\/div><div class=\"fb-share-button  \" data-href=\"https:\/\/radadzielnicy.witosa.pl\/?page_id=604\" data-type=\"button_count\" data-size=\"small\"><\/div><\/div>\r\n<p style=\"text-align: center;\">Staramy si\u0119 na bie\u017c\u0105co transmitowa\u0107 dla Pa\u0144stwa ka\u017cde posiedzenie.<\/p>\r\n\r\n\r\n\r\n<p style=\"text-align: center;\">Transmisje prowadzimy korzystaj\u0105c z urz\u0105dze\u0144 i \u015brodk\u00f3w w\u0142asnych.<\/p>\r\n\r\n\r\n\r\n<p style=\"text-align: center;\">Transmisje odbywaja sie na profilu FB Rady Jednostki Pomocniczej pod adresem:<\/p>\r\n\r\n\r\n\r\n<figure class=\"wp-block-embed-facebook wp-block-embed\">\r\n<h3 class=\"wp-block-embed__wrapper\" style=\"text-align: center;\">https:\/\/www.facebook.com\/RadaOsiedlaWitosa\/live<\/h3>\r\n<\/figure>\r\n\r\n\r\n\r\n<p>&nbsp;<\/p>\r\n ","protected":false},"excerpt":{"rendered":"<p>Staramy si\u0119 na bie\u017c\u0105co transmitowa\u0107 dla Pa\u0144stwa ka\u017cde posiedzenie. Transmisje prowadzimy korzystaj\u0105c z urz\u0105dze\u0144 i \u015brodk\u00f3w w\u0142asnych. Transmisje odbywaja sie na profilu FB Rady Jednostki Pomocniczej pod&hellip;<\/p>\n<p> <a class=\"more-link\" href=\"https:\/\/radadzielnicy.witosa.pl\/?page_id=604\">Dowiedz si\u0119 wi\u0119cej<\/a><\/p>\n","protected":false},"author":1,"featured_media":0,"parent":0,"menu_order":0,"comment_status":"closed","ping_status":"closed","template":"","meta":{"ngg_post_thumbnail":0,"footnotes":""},"class_list":["post-604","page","type-page","status-publish"],"_links":{"self":[{"href":"https:\/\/radadzielnicy.witosa.pl\/index.php?rest_route=\/wp\/v2\/pages\/604","targetHints":{"allow":["GET"]}}],"collection":[{"href":"https:\/\/radadzielnicy.witosa.pl\/index.php?rest_route=\/wp\/v2\/pages"}],"about":[{"href":"https:\/\/radadzielnicy.witosa.pl\/index.php?rest_route=\/wp\/v2\/types\/page"}],"author":[{"embeddable":true,"href":"https:\/\/radadzielnicy.witosa.pl\/index.php?rest_route=\/wp\/v2\/users\/1"}],"replies":[{"embeddable":true,"href":"https:\/\/radadzielnicy.witosa.pl\/index.php?rest_route=%2Fwp%2Fv2%2Fcomments&post=604"}],"version-history":[{"count":4,"href":"https:\/\/radadzielnicy.witosa.pl\/index.php?rest_route=\/wp\/v2\/pages\/604\/revisions"}],"predecessor-version":[{"id":3730,"href":"https:\/\/radadzielnicy.witosa.pl\/index.php?rest_route=\/wp\/v2\/pages\/604\/revisions\/3730"}],"wp:attachment":[{"href":"https:\/\/radadzielnicy.witosa.pl\/index.php?rest_route=%2Fwp%2Fv2%2Fmedia&parent=604"}],"curies":[{"name":"wp","href":"https:\/\/api.w.org\/{rel}","templated":true}]}}