{"id":919,"date":"2019-09-12T10:16:44","date_gmt":"2019-09-12T08:16:44","guid":{"rendered":"http:\/\/rjp8.katowice.eu\/?page_id=919"},"modified":"2025-03-06T19:29:15","modified_gmt":"2025-03-06T18:29:15","slug":"witamy","status":"publish","type":"page","link":"https:\/\/radadzielnicy.witosa.pl\/","title":{"rendered":""},"content":{"rendered":"<div class=\"fcbkbttn_buttons_block\" id=\"fcbkbttn_left\"><div class=\"fcbkbttn_like \"><fb:like href=\"https:\/\/radadzielnicy.witosa.pl\/\" action=\"like\" colorscheme=\"light\" layout=\"standard\"  width=\"225px\" size=\"small\"><\/fb:like><\/div><div class=\"fb-share-button  \" data-href=\"https:\/\/radadzielnicy.witosa.pl\/\" data-type=\"button_count\" data-size=\"small\"><\/div><\/div>\r\n<p>Fajnie, \u017ce zajrza\u0142e\u015b na nasz\u0105 stron\u0119.<\/p>\r\n<p>\r\n\r\n<\/p>\r\n<p><a href=\"http:\/\/rjp8.katowice.eu\/category\/ogloszenia\/\">Tutaj przekazujemy informacje<\/a> istotne dla mieszka\u0144c\u00f3w naszej dzielnicy oraz informujemy o dzia\u0142aniach Rady Jednostki Pomocniczej nr 8 oraz aktywno\u015bci radnych z naszej dzielnicy&#8230;.. <br><br><br><strong>1.<\/strong> <strong>Nasza Rada liczy 14 os\u00f3b<\/strong>.<br><br><strong>2. <\/strong>Dla mieszka\u0144c\u00f3w jeste\u015bmy <a href=\"http:\/\/rjp8.katowice.eu\/dyzury\/\">dost\u0119pni na dy\u017curach<\/a>, oraz interwencyjnie poza dy\u017curami <a href=\"http:\/\/rjp8.katowice.eu\/kontakt\/\">telefonicznie<\/a>, gdzie mo\u017cna nam przekaza\u0107 istotne dla Pa\u0144stwa sprawy. <br><br><strong>3. <\/strong>Najcz\u0119\u015bciej spotykamy si\u0119 raz w miesi\u0105cu i dyskutujemy nad tymi sprawami i odpowiednio: <br><br><strong>&#8211; zarz\u0105d<\/strong> : pisze pisma do zainteresowanych stron<br><br><strong>&#8211; rada<\/strong> : uchwala uchwa\u0142y i kierujemy je do Przewodnicz\u0105cego Rady Miasta sk\u0105d skierowane s\u0105 w zale\u017cno\u015bci od tematu do odpowiedniej jednostki organizacyjnej miasta.<br><br>4<strong>. <\/strong>Po rozpatrzeniu naszych pism i uchwa\u0142 ich decyzje oraz wdra\u017canie i wykonanie mo\u017cecie zauwa\u017cy\u0107 na przestrzeni naszego osiedla.<\/p>\r\n<p>\r\n\r\n<\/p>\r\n\r\n\r\n\r\n<p style=\"font-weight: inherit; font-style: inherit;\"><span style=\"font-weight: inherit; font-style: inherit;\">Wojewoda \u015al\u0105ski rozstrzygni\u0119ciem nadzorczym z dnia 29 grudnia 2021 r. stwierdzi\u0142 niewa\u017cno\u015b\u0107 statutu w cz\u0119\u015bci dot.<b><strong>&nbsp;<\/strong><\/b>\u00a7 5 ust. 1 pkt 2, \u00a7 15 ust. 1, \u00a7 19 ust. 9, \u00a7 20 pkt 8, \u00a7 23 ust. 2 w <em>zakresie sformu\u0142owa\u0144: nr PESEL, zaw\u00f3d, a tak\u017ce: , oraz zgod\u0119 na udost\u0119pnienie danych osobowych do wykorzystania w kampanii wyborczej, \u00a7 27, \u00a7 29 ust. 1 zd. 1 w zakresie sformu\u0142owania: na pisemny wniosek poparty przez co najmniej 5 % wyborc\u00f3w z terenu Dzielnicy, \u00a7 29 ust. 1 zd. 2 oraz ust. 2 i 3, \u00a7 30, \u00a7 31 w zakresie sformu\u0142owania: ustawy z dnia 8 marca 1990 r. o samorz\u0105dzie gminnym, ustawy z dnia 5 stycznia 2011 r. Kodeks wyborczy oraz, \u00a7 32<\/em><br><\/span><\/p>\r\n<p style=\"font-weight: inherit; font-style: inherit;\"><em><span style=\"font-weight: inherit;\">Wojewoda \u015al\u0105ski rozstrzygni\u0119ciem nadzorczym z dnia 5 kwietnia 2024 roku stwierdzi\u0142 niewa\u017cno\u015b\u0107 uchwa\u0142y Nr LXXIV\/1523\/24 Rady Miasta Katowice w sprawie uchwalenia zmian Statutu Dzielnicy nr 8 Osiedle Witosa w cz\u0119\u015bci okre\u015blonej w \u00a7 1 pkt 2 uchwa\u0142y.<\/span><\/em><\/p>\r\n<p style=\"font-weight: inherit; font-style: inherit;\"><span style=\"font-weight: inherit; font-style: inherit;\">W zwi\u0105zku z powy\u017cszym uchwa\u0142\u0105 Rady Miasta Katowice nr V\/52\/24 z dnia 25 lipca 2024 r. kadencja Rady zosta\u0142a przed\u0142u\u017cona do dnia <strong>31 marca 2025 r.<\/strong><\/span><\/p>\r\n ","protected":false},"excerpt":{"rendered":"<p>Fajnie, \u017ce zajrza\u0142e\u015b na nasz\u0105 stron\u0119. Tutaj przekazujemy informacje istotne dla mieszka\u0144c\u00f3w naszej dzielnicy oraz informujemy o dzia\u0142aniach Rady Jednostki Pomocniczej nr 8 oraz aktywno\u015bci radnych z&hellip;<\/p>\n<p> <a class=\"more-link\" href=\"https:\/\/radadzielnicy.witosa.pl\/\">Dowiedz si\u0119 wi\u0119cej<\/a><\/p>\n","protected":false},"author":1,"featured_media":0,"parent":0,"menu_order":0,"comment_status":"closed","ping_status":"closed","template":"","meta":{"ngg_post_thumbnail":0,"footnotes":""},"class_list":["post-919","page","type-page","status-publish"],"_links":{"self":[{"href":"https:\/\/radadzielnicy.witosa.pl\/index.php?rest_route=\/wp\/v2\/pages\/919","targetHints":{"allow":["GET"]}}],"collection":[{"href":"https:\/\/radadzielnicy.witosa.pl\/index.php?rest_route=\/wp\/v2\/pages"}],"about":[{"href":"https:\/\/radadzielnicy.witosa.pl\/index.php?rest_route=\/wp\/v2\/types\/page"}],"author":[{"embeddable":true,"href":"https:\/\/radadzielnicy.witosa.pl\/index.php?rest_route=\/wp\/v2\/users\/1"}],"replies":[{"embeddable":true,"href":"https:\/\/radadzielnicy.witosa.pl\/index.php?rest_route=%2Fwp%2Fv2%2Fcomments&post=919"}],"version-history":[{"count":16,"href":"https:\/\/radadzielnicy.witosa.pl\/index.php?rest_route=\/wp\/v2\/pages\/919\/revisions"}],"predecessor-version":[{"id":3757,"href":"https:\/\/radadzielnicy.witosa.pl\/index.php?rest_route=\/wp\/v2\/pages\/919\/revisions\/3757"}],"wp:attachment":[{"href":"https:\/\/radadzielnicy.witosa.pl\/index.php?rest_route=%2Fwp%2Fv2%2Fmedia&parent=919"}],"curies":[{"name":"wp","href":"https:\/\/api.w.org\/{rel}","templated":true}]}}